{"id":17,"date":"2012-02-29T10:48:52","date_gmt":"2012-02-29T09:48:52","guid":{"rendered":"http:\/\/www.neuropsychologue-murinni.be\/?page_id=17"},"modified":"2026-03-12T10:23:08","modified_gmt":"2026-03-12T09:23:08","slug":"contact","status":"publish","type":"page","link":"https:\/\/www.neuropsychologue-murinni.be\/?page_id=17","title":{"rendered":"Contact"},"content":{"rendered":"<p style=\"text-align: left;\">Je travaille du lundi au vendredi au sein de la maison m\u00e9dicale <strong>B\u00e9quet M\u00e9dic <\/strong>situ\u00e9e rue Alfred Bequet 8 5000 Salzinnes (Namur).<\/p>\n<p>Je re\u00e7ois en horaire <strong>scolaire<\/strong> ainsi que le mercredi apr\u00e8s-midi.\u00a0<\/p>\n<p style=\"text-align: left;\">Pour toute nouvelle demande : Prise de rendez-vous de pr\u00e9f\u00e9rence par email \u00e0 colline.murinni@gmail.com (merci de d\u00e9crire bri\u00e8vement votre demande dans votre mail).\u00a0<\/p>\n<p style=\"text-align: left;\"><span style=\"color: #ff0000;\">DELAI POUR TOUTE NOUVELLE DEMANDE\u00a0 : +- 3 mois.\u00a0<\/span><\/p>\n<p><span style=\"color: #000000;\">Je suis joignable par t\u00e9l\u00e9phone pour les patients que je suis au 0473\/63.<\/span><span style=\"color: #000000;\">41.51<\/span><\/p>\n<p style=\"text-align: center;\"><a href=\"http:\/\/www.neuropsychologue-murinni.be\/wp-content\/uploads\/2012\/04\/b\u00e9quetm\u00e9dic.bmp\"><img loading=\"lazy\" decoding=\"async\" class=\"wp-image-62 aligncenter\" title=\"b\u00e9quetm\u00e9dic\" src=\"http:\/\/www.neuropsychologue-murinni.be\/wp-content\/uploads\/2012\/04\/b\u00e9quetm\u00e9dic.bmp\" alt=\"\" width=\"400\" height=\"200\" \/><\/a><a href=\"http:\/\/www.bequetmedic.net\" target=\"_blank\" rel=\"noopener noreferrer\">Maison m\u00e9dicale Bequet Medic<\/a><\/p>\n<p>https:\/\/psynam.be\/psychologist\/colline-murinni<\/p>\n<p>https:\/\/www.facebook.com\/neuropsychologue.murinni<\/p>\n<p>Info : le bus 27 s&rsquo;arr\u00eate en bas de la rue &#8211; Le bus 5 s&rsquo;arr\u00eate pr\u00e8s de Ste Elisabeth (500m)<\/p>\n\n\n<ul class=\"wp-block-social-links is-layout-flex wp-block-social-links-is-layout-flex\"><li class=\"wp-social-link wp-social-link-wordpress  wp-block-social-link\"><a href=\"https:\/\/www.bequetmedic.net\/\" class=\"wp-block-social-link-anchor\"><svg width=\"24\" height=\"24\" viewBox=\"0 0 24 24\" version=\"1.1\" xmlns=\"http:\/\/www.w3.org\/2000\/svg\" aria-hidden=\"true\" focusable=\"false\"><path d=\"M12.158,12.786L9.46,20.625c0.806,0.237,1.657,0.366,2.54,0.366c1.047,0,2.051-0.181,2.986-0.51 c-0.024-0.038-0.046-0.079-0.065-0.124L12.158,12.786z M3.009,12c0,3.559,2.068,6.634,5.067,8.092L3.788,8.341 C3.289,9.459,3.009,10.696,3.009,12z M18.069,11.546c0-1.112-0.399-1.881-0.741-2.48c-0.456-0.741-0.883-1.368-0.883-2.109 c0-0.826,0.627-1.596,1.51-1.596c0.04,0,0.078,0.005,0.116,0.007C16.472,3.904,14.34,3.009,12,3.009 c-3.141,0-5.904,1.612-7.512,4.052c0.211,0.007,0.41,0.011,0.579,0.011c0.94,0,2.396-0.114,2.396-0.114 C7.947,6.93,8.004,7.642,7.52,7.699c0,0-0.487,0.057-1.029,0.085l3.274,9.739l1.968-5.901l-1.401-3.838 C9.848,7.756,9.389,7.699,9.389,7.699C8.904,7.67,8.961,6.93,9.446,6.958c0,0,1.484,0.114,2.368,0.114 c0.94,0,2.397-0.114,2.397-0.114c0.485-0.028,0.542,0.684,0.057,0.741c0,0-0.488,0.057-1.029,0.085l3.249,9.665l0.897-2.996 C17.841,13.284,18.069,12.316,18.069,11.546z M19.889,7.686c0.039,0.286,0.06,0.593,0.06,0.924c0,0.912-0.171,1.938-0.684,3.22 l-2.746,7.94c2.673-1.558,4.47-4.454,4.47-7.771C20.991,10.436,20.591,8.967,19.889,7.686z M12,22C6.486,22,2,17.514,2,12 C2,6.486,6.486,2,12,2c5.514,0,10,4.486,10,10C22,17.514,17.514,22,12,22z\"><\/path><\/svg><span class=\"wp-block-social-link-label screen-reader-text\">WordPress<\/span><\/a><\/li>\n\n<li class=\"wp-social-link wp-social-link-facebook  wp-block-social-link\"><a href=\"https:\/\/www.facebook.com\/neuropsychologue.murinni\" class=\"wp-block-social-link-anchor\"><svg width=\"24\" height=\"24\" viewBox=\"0 0 24 24\" version=\"1.1\" xmlns=\"http:\/\/www.w3.org\/2000\/svg\" aria-hidden=\"true\" focusable=\"false\"><path d=\"M12 2C6.5 2 2 6.5 2 12c0 5 3.7 9.1 8.4 9.9v-7H7.9V12h2.5V9.8c0-2.5 1.5-3.9 3.8-3.9 1.1 0 2.2.2 2.2.2v2.5h-1.3c-1.2 0-1.6.8-1.6 1.6V12h2.8l-.4 2.9h-2.3v7C18.3 21.1 22 17 22 12c0-5.5-4.5-10-10-10z\"><\/path><\/svg><span class=\"wp-block-social-link-label screen-reader-text\">Facebook<\/span><\/a><\/li><\/ul>\n","protected":false},"excerpt":{"rendered":"<p>Je travaille du lundi au vendredi au sein de la maison m\u00e9dicale B\u00e9quet M\u00e9dic situ\u00e9e rue Alfred Bequet 8 5000 Salzinnes (Namur). Je re\u00e7ois en horaire scolaire ainsi que le mercredi apr\u00e8s-midi.\u00a0 Pour toute nouvelle demande : Prise de rendez-vous &hellip; <a href=\"https:\/\/www.neuropsychologue-murinni.be\/?page_id=17\">Continuer la lecture <span class=\"meta-nav\">&rarr;<\/span><\/a><\/p>\n","protected":false},"author":1,"featured_media":0,"parent":0,"menu_order":5,"comment_status":"closed","ping_status":"closed","template":"","meta":{"footnotes":""},"class_list":["post-17","page","type-page","status-publish","hentry"],"_links":{"self":[{"href":"https:\/\/www.neuropsychologue-murinni.be\/index.php?rest_route=\/wp\/v2\/pages\/17","targetHints":{"allow":["GET"]}}],"collection":[{"href":"https:\/\/www.neuropsychologue-murinni.be\/index.php?rest_route=\/wp\/v2\/pages"}],"about":[{"href":"https:\/\/www.neuropsychologue-murinni.be\/index.php?rest_route=\/wp\/v2\/types\/page"}],"author":[{"embeddable":true,"href":"https:\/\/www.neuropsychologue-murinni.be\/index.php?rest_route=\/wp\/v2\/users\/1"}],"replies":[{"embeddable":true,"href":"https:\/\/www.neuropsychologue-murinni.be\/index.php?rest_route=%2Fwp%2Fv2%2Fcomments&post=17"}],"version-history":[{"count":19,"href":"https:\/\/www.neuropsychologue-murinni.be\/index.php?rest_route=\/wp\/v2\/pages\/17\/revisions"}],"predecessor-version":[{"id":189,"href":"https:\/\/www.neuropsychologue-murinni.be\/index.php?rest_route=\/wp\/v2\/pages\/17\/revisions\/189"}],"wp:attachment":[{"href":"https:\/\/www.neuropsychologue-murinni.be\/index.php?rest_route=%2Fwp%2Fv2%2Fmedia&parent=17"}],"curies":[{"name":"wp","href":"https:\/\/api.w.org\/{rel}","templated":true}]}}